{"id":289,"date":"2021-07-20T15:34:14","date_gmt":"2021-07-20T13:34:14","guid":{"rendered":"https:\/\/macicatrice.fr\/?page_id=289"},"modified":"2021-09-28T11:33:46","modified_gmt":"2021-09-28T09:33:46","slug":"benjamin","status":"publish","type":"page","link":"https:\/\/macicatrice.fr\/?page_id=289","title":{"rendered":"Benjamin"},"content":{"rendered":"\n<figure class=\"wp-block-image size-large\"><img loading=\"lazy\" width=\"1024\" height=\"1024\" src=\"https:\/\/macicatrice.fr\/wp-content\/uploads\/2021\/07\/BENJAMIN-1024x1024.jpg\" alt=\"\" class=\"wp-image-231\" srcset=\"https:\/\/macicatrice.fr\/wp-content\/uploads\/2021\/07\/BENJAMIN-1024x1024.jpg 1024w, https:\/\/macicatrice.fr\/wp-content\/uploads\/2021\/07\/BENJAMIN-300x300.jpg 300w, https:\/\/macicatrice.fr\/wp-content\/uploads\/2021\/07\/BENJAMIN-150x150.jpg 150w, https:\/\/macicatrice.fr\/wp-content\/uploads\/2021\/07\/BENJAMIN-768x768.jpg 768w, https:\/\/macicatrice.fr\/wp-content\/uploads\/2021\/07\/BENJAMIN-1536x1536.jpg 1536w, https:\/\/macicatrice.fr\/wp-content\/uploads\/2021\/07\/BENJAMIN.jpg 2048w, https:\/\/macicatrice.fr\/wp-content\/uploads\/2021\/07\/BENJAMIN-640x640.jpg 640w, https:\/\/macicatrice.fr\/wp-content\/uploads\/2021\/07\/BENJAMIN-50x50.jpg 50w\" sizes=\"(max-width: 1024px) 100vw, 1024px\" \/><\/figure>\n\n\n\n<font face=\"Montserrat\" color=\"#ffffff\" size=\"4\">\nBenjamin, 37ans, op\u00e9r\u00e9 d&rsquo;une transposition des gros vaisseaux par senning \u00e0 Laennec (Necker) en 1983.\n<br><br>\nOp\u00e9r\u00e9 d&rsquo;une TVG \u00e0 ma naissance, j&rsquo;ai grandi avec un suivi r\u00e9gulier 2 fois par an, au ch\u00e2teau des C\u00f4tes de Jouy en josas et avec le Dr Laurent Fermont sur Paris. J&rsquo;ai grandi en pratiquant le sport et je continu \u00e0 mon rythme. <br>\nJ&rsquo;ai la chance de travailler dans l&rsquo;aviation, chose qui me passionne depuis l&rsquo;enfance. <br>\nPacs\u00e9 depuis 7 ans avec une femme formidable je suis papa d&rsquo;une petite fille, Al\u00e9na n\u00e9e en 2017, elle aussi atteinte d&rsquo;une cardiopathie cong\u00e9nitale et op\u00e9r\u00e9e \u00e0 Necker.\n<br><br>\n<b>Ma cicatrice en un mot : Espoirs<br>\n<\/b>\nBenjamin <br>\n37 ans <br>\n1 op\u00e9ration\n<\/font>\n","protected":false},"excerpt":{"rendered":"<p>Benjamin, 37ans, op\u00e9r\u00e9 d&rsquo;une transposition des gros vaisseaux par senning \u00e0 Laennec (Necker) en 1983. Op\u00e9r\u00e9 d&rsquo;une TVG \u00e0 ma<span class=\"more-button\"><a href=\"https:\/\/macicatrice.fr\/?page_id=289\" class=\"more-link\">Continue reading<span class=\"screen-reader-text\">Benjamin<\/span><\/a><\/span><\/p>\n","protected":false},"author":1,"featured_media":0,"parent":0,"menu_order":0,"comment_status":"closed","ping_status":"closed","template":"","meta":[],"_links":{"self":[{"href":"https:\/\/macicatrice.fr\/index.php?rest_route=\/wp\/v2\/pages\/289"}],"collection":[{"href":"https:\/\/macicatrice.fr\/index.php?rest_route=\/wp\/v2\/pages"}],"about":[{"href":"https:\/\/macicatrice.fr\/index.php?rest_route=\/wp\/v2\/types\/page"}],"author":[{"embeddable":true,"href":"https:\/\/macicatrice.fr\/index.php?rest_route=\/wp\/v2\/users\/1"}],"replies":[{"embeddable":true,"href":"https:\/\/macicatrice.fr\/index.php?rest_route=%2Fwp%2Fv2%2Fcomments&post=289"}],"version-history":[{"count":3,"href":"https:\/\/macicatrice.fr\/index.php?rest_route=\/wp\/v2\/pages\/289\/revisions"}],"predecessor-version":[{"id":632,"href":"https:\/\/macicatrice.fr\/index.php?rest_route=\/wp\/v2\/pages\/289\/revisions\/632"}],"wp:attachment":[{"href":"https:\/\/macicatrice.fr\/index.php?rest_route=%2Fwp%2Fv2%2Fmedia&parent=289"}],"curies":[{"name":"wp","href":"https:\/\/api.w.org\/{rel}","templated":true}]}}