{"id":367,"date":"2021-07-21T15:45:51","date_gmt":"2021-07-21T13:45:51","guid":{"rendered":"https:\/\/macicatrice.fr\/?page_id=367"},"modified":"2021-09-28T11:48:54","modified_gmt":"2021-09-28T09:48:54","slug":"stephanie","status":"publish","type":"page","link":"https:\/\/macicatrice.fr\/?page_id=367","title":{"rendered":"St\u00e9phanie"},"content":{"rendered":"\n<figure class=\"wp-block-image size-large\"><img loading=\"lazy\" width=\"1024\" height=\"1024\" src=\"https:\/\/macicatrice.fr\/wp-content\/uploads\/2021\/05\/Stephanie-1024x1024.jpg\" alt=\"\" class=\"wp-image-88\" srcset=\"https:\/\/macicatrice.fr\/wp-content\/uploads\/2021\/05\/Stephanie-1024x1024.jpg 1024w, https:\/\/macicatrice.fr\/wp-content\/uploads\/2021\/05\/Stephanie-300x300.jpg 300w, https:\/\/macicatrice.fr\/wp-content\/uploads\/2021\/05\/Stephanie-150x150.jpg 150w, https:\/\/macicatrice.fr\/wp-content\/uploads\/2021\/05\/Stephanie-768x768.jpg 768w, https:\/\/macicatrice.fr\/wp-content\/uploads\/2021\/05\/Stephanie-1536x1536.jpg 1536w, https:\/\/macicatrice.fr\/wp-content\/uploads\/2021\/05\/Stephanie.jpg 2048w, https:\/\/macicatrice.fr\/wp-content\/uploads\/2021\/05\/Stephanie-640x640.jpg 640w, https:\/\/macicatrice.fr\/wp-content\/uploads\/2021\/05\/Stephanie-50x50.jpg 50w\" sizes=\"(max-width: 1024px) 100vw, 1024px\" \/><\/figure>\n\n\n\n<font face=\"Montserrat\" color=\"#ffffff\" size=\"4\">\nUne femme ind\u00e9pendante et une m\u00e8re de 3 enfants.\n<br><br>\nN\u00e9e avec une cardiopathie cong\u00e9nitale complexe, retour veineux pulmonaire anormal totale + communication inter auriculaire (rvpat +cia) op\u00e9ration possible seulement \u00e0 l&rsquo;\u00e2ge de 5 ans lorsque le poids et les maladies (infections divers, pulmonaires, orl&#8230; ) ont pu le permettre.\nUne vie quasi normale depuis.\n<br><br>\n<b>Ma cicatrice en un mot : Exister.<br>\n<\/b>\nSt\u00e9phanie <br>\n40 ans <br>\n1 op\u00e9ration\n<\/font>\n","protected":false},"excerpt":{"rendered":"<p>Une femme ind\u00e9pendante et une m\u00e8re de 3 enfants. N\u00e9e avec une cardiopathie cong\u00e9nitale complexe, retour veineux pulmonaire anormal totale<span class=\"more-button\"><a href=\"https:\/\/macicatrice.fr\/?page_id=367\" class=\"more-link\">Continue reading<span class=\"screen-reader-text\">St\u00e9phanie<\/span><\/a><\/span><\/p>\n","protected":false},"author":1,"featured_media":0,"parent":0,"menu_order":0,"comment_status":"closed","ping_status":"closed","template":"","meta":[],"_links":{"self":[{"href":"https:\/\/macicatrice.fr\/index.php?rest_route=\/wp\/v2\/pages\/367"}],"collection":[{"href":"https:\/\/macicatrice.fr\/index.php?rest_route=\/wp\/v2\/pages"}],"about":[{"href":"https:\/\/macicatrice.fr\/index.php?rest_route=\/wp\/v2\/types\/page"}],"author":[{"embeddable":true,"href":"https:\/\/macicatrice.fr\/index.php?rest_route=\/wp\/v2\/users\/1"}],"replies":[{"embeddable":true,"href":"https:\/\/macicatrice.fr\/index.php?rest_route=%2Fwp%2Fv2%2Fcomments&post=367"}],"version-history":[{"count":2,"href":"https:\/\/macicatrice.fr\/index.php?rest_route=\/wp\/v2\/pages\/367\/revisions"}],"predecessor-version":[{"id":644,"href":"https:\/\/macicatrice.fr\/index.php?rest_route=\/wp\/v2\/pages\/367\/revisions\/644"}],"wp:attachment":[{"href":"https:\/\/macicatrice.fr\/index.php?rest_route=%2Fwp%2Fv2%2Fmedia&parent=367"}],"curies":[{"name":"wp","href":"https:\/\/api.w.org\/{rel}","templated":true}]}}